{"id":3036,"date":"2026-03-14T08:10:45","date_gmt":"2026-03-14T07:10:45","guid":{"rendered":"http:\/\/hummelein.events\/?page_id=3036"},"modified":"2026-03-26T19:04:00","modified_gmt":"2026-03-26T18:04:00","slug":"impressum","status":"publish","type":"page","link":"https:\/\/hummelein.events\/en\/impressum\/","title":{"rendered":"Legal Notice"},"content":{"rendered":"<div data-elementor-type=\"wp-page\" data-elementor-id=\"3036\" class=\"elementor elementor-3036\">\n\t\t\t\t<div class=\"elementor-element elementor-element-2718643 e-flex e-con-boxed e-con e-parent\" data-id=\"2718643\" data-element_type=\"container\" data-e-type=\"container\">\n\t\t\t\t\t<div class=\"e-con-inner\">\n\t\t\t\t<div class=\"elementor-element elementor-element-f6adee0 elementor-widget elementor-widget-text-editor\" data-id=\"f6adee0\" data-element_type=\"widget\" data-e-type=\"widget\" data-widget_type=\"text-editor.default\">\n\t\t\t\t<div class=\"elementor-widget-container\">\n\t\t\t\t\t\t\t\t\t<h1><span style=\"color: #000000;\">Legal Notice<\/span><\/h1><p><span style=\"font-size: 16px; font-style: inherit; font-weight: inherit; text-align: var(--text-align); color: #003057; font-family: 'DM Sans', sans-serif;\">Hummelein GmbH<\/span><\/p><div><p>Schlesierstr. 11<\/p><p>91325 Adelsdorf<\/p><p>Vertreten durch:<\/p><p>Gesch\u00e4ftsf\u00fchrer: Marcus R\u00f6ckelein, Lorenz Hummel, Manuel Eller<\/p><p>Contact<\/p><p>Telefon: +49 (0)9195 \/ 995015<\/p><p>E-Mail: info@hummelein.events<\/p><p>Registereintrag<\/p><p>Eintragung im Handelsregister.<\/p><p>Registergericht:\u00a0Amtsgericht F\u00fcrth<\/p><p><span style=\"font-style: inherit; font-weight: inherit;\">Registernummer: HRB 21588<\/span><\/p><p><span style=\"font-style: inherit; font-weight: inherit;\">\u00a0<\/span><\/p><p>Umsatzsteuer-ID<\/p><p>Umsatzsteuer-Identifikationsnummer gem\u00e4\u00df \u00a7 27 a<br \/>Umsatzsteuergesetz:\u00a0<span style=\"font-style: inherit; font-weight: inherit;\">DE453108859<\/span><\/p><p>Verantwortlich f\u00fcr den Inhalt nach \u00a7 18 MStV<\/p><p>Manuel Eller<\/p><p>Schlesierstr. 11<\/p><p>91325 Adelsdorf<\/p><\/div>\t\t\t\t\t\t\t\t<\/div>\n\t\t\t\t<\/div>\n\t\t\t\t\t<\/div>\n\t\t\t\t<\/div>\n\t\t\t\t<\/div>","protected":false},"excerpt":{"rendered":"<p>Impressum Hummelein GmbH Schlesierstr. 11 91325 Adelsdorf Vertreten durch: Gesch\u00e4ftsf\u00fchrer: Marcus R\u00f6ckelein, Lorenz Hummel, Manuel Eller Kontakt Telefon: +49 (0)9195 [&hellip;]<\/p>\n","protected":false},"author":1,"featured_media":0,"parent":0,"menu_order":0,"comment_status":"closed","ping_status":"closed","template":"","meta":{"site-sidebar-layout":"no-sidebar","site-content-layout":"page-builder","ast-site-content-layout":"full-width-container","site-content-style":"default","site-sidebar-style":"default","ast-global-header-display":"","ast-banner-title-visibility":"","ast-main-header-display":"","ast-hfb-above-header-display":"","ast-hfb-below-header-display":"","ast-hfb-mobile-header-display":"","site-post-title":"","ast-breadcrumbs-content":"","ast-featured-img":"disabled","footer-sml-layout":"","ast-disable-related-posts":"","theme-transparent-header-meta":"","adv-header-id-meta":"","stick-header-meta":"","header-above-stick-meta":"","header-main-stick-meta":"","header-below-stick-meta":"","astra-migrate-meta-layouts":"set","ast-page-background-enabled":"default","ast-page-background-meta":{"desktop":{"background-color":"","background-image":"","background-repeat":"repeat","background-position":"center center","background-size":"auto","background-attachment":"scroll","background-type":"","background-media":"","overlay-type":"","overlay-color":"","overlay-opacity":"","overlay-gradient":""},"tablet":{"background-color":"","background-image":"","background-repeat":"repeat","background-position":"center center","background-size":"auto","background-attachment":"scroll","background-type":"","background-media":"","overlay-type":"","overlay-color":"","overlay-opacity":"","overlay-gradient":""},"mobile":{"background-color":"","background-image":"","background-repeat":"repeat","background-position":"center center","background-size":"auto","background-attachment":"scroll","background-type":"","background-media":"","overlay-type":"","overlay-color":"","overlay-opacity":"","overlay-gradient":""}},"ast-content-background-meta":{"desktop":{"background-color":"var(--ast-global-color-5)","background-image":"","background-repeat":"repeat","background-position":"center center","background-size":"auto","background-attachment":"scroll","background-type":"","background-media":"","overlay-type":"","overlay-color":"","overlay-opacity":"","overlay-gradient":""},"tablet":{"background-color":"var(--ast-global-color-5)","background-image":"","background-repeat":"repeat","background-position":"center center","background-size":"auto","background-attachment":"scroll","background-type":"","background-media":"","overlay-type":"","overlay-color":"","overlay-opacity":"","overlay-gradient":""},"mobile":{"background-color":"var(--ast-global-color-5)","background-image":"","background-repeat":"repeat","background-position":"center center","background-size":"auto","background-attachment":"scroll","background-type":"","background-media":"","overlay-type":"","overlay-color":"","overlay-opacity":"","overlay-gradient":""}},"footnotes":""},"class_list":["post-3036","page","type-page","status-publish","hentry"],"_links":{"self":[{"href":"https:\/\/hummelein.events\/en\/wp-json\/wp\/v2\/pages\/3036","targetHints":{"allow":["GET"]}}],"collection":[{"href":"https:\/\/hummelein.events\/en\/wp-json\/wp\/v2\/pages"}],"about":[{"href":"https:\/\/hummelein.events\/en\/wp-json\/wp\/v2\/types\/page"}],"author":[{"embeddable":true,"href":"https:\/\/hummelein.events\/en\/wp-json\/wp\/v2\/users\/1"}],"replies":[{"embeddable":true,"href":"https:\/\/hummelein.events\/en\/wp-json\/wp\/v2\/comments?post=3036"}],"version-history":[{"count":10,"href":"https:\/\/hummelein.events\/en\/wp-json\/wp\/v2\/pages\/3036\/revisions"}],"predecessor-version":[{"id":3372,"href":"https:\/\/hummelein.events\/en\/wp-json\/wp\/v2\/pages\/3036\/revisions\/3372"}],"wp:attachment":[{"href":"https:\/\/hummelein.events\/en\/wp-json\/wp\/v2\/media?parent=3036"}],"curies":[{"name":"wp","href":"https:\/\/api.w.org\/{rel}","templated":true}]}}